{"id":705,"date":"2019-08-21T11:40:12","date_gmt":"2019-08-21T17:40:12","guid":{"rendered":"http:\/\/clubdeyatestampico.com\/?page_id=705"},"modified":"2019-08-21T11:55:37","modified_gmt":"2019-08-21T17:55:37","slug":"xli-torneo-internacional-de-marlin","status":"publish","type":"page","link":"https:\/\/clubdeyatestampico.com\/index.php\/xli-torneo-internacional-de-marlin\/","title":{"rendered":"XLI TORNEO INTERNACIONAL DE MARLIN"},"content":{"rendered":"<p style=\"text-align: center;\"><img loading=\"lazy\" decoding=\"async\" class=\"aligncenter\" src=\"https:\/\/www.elsoldetampico.com.mx\/deportes\/s95ox1-whatsapp-image-2019-06-30-at-19.49.54.jpeg\/alternates\/FREE_720\/WhatsApp%20Image%202019-06-30%20at%2019.49.54.jpeg\" width=\"204\" height=\"306\" \/><\/p>\n<p style=\"text-align: center;\"><strong>CAMPEON MARLIN 204.750 KG CARLOS BORTONI\u00a0<\/strong><\/p>\n<p>&nbsp;<\/p>\n<p style=\"text-align: center;\"><img loading=\"lazy\" decoding=\"async\" class=\"aligncenter size-medium wp-image-711\" src=\"http:\/\/clubdeyatestampico.com\/wp-content\/uploads\/2019\/08\/DSC00222-300x225.jpg\" alt=\"\" width=\"300\" height=\"225\" srcset=\"https:\/\/clubdeyatestampico.com\/wp-content\/uploads\/2019\/08\/DSC00222-300x225.jpg 300w, https:\/\/clubdeyatestampico.com\/wp-content\/uploads\/2019\/08\/DSC00222-768x576.jpg 768w, https:\/\/clubdeyatestampico.com\/wp-content\/uploads\/2019\/08\/DSC00222-1024x768.jpg 1024w, https:\/\/clubdeyatestampico.com\/wp-content\/uploads\/2019\/08\/DSC00222-1x1.jpg 1w\" sizes=\"(max-width: 300px) 100vw, 300px\" \/><\/p>\n<p style=\"text-align: center;\"><strong>PRIMER LUGAR DORADO 13.300 KG ALEJANDRO FERN\u00c1NDEZ<\/strong><\/p>\n<p>&nbsp;<\/p>\n<p style=\"text-align: center;\"><img loading=\"lazy\" decoding=\"async\" class=\"aligncenter size-medium wp-image-712\" src=\"http:\/\/clubdeyatestampico.com\/wp-content\/uploads\/2019\/08\/DSC00223-300x225.jpg\" alt=\"\" width=\"300\" height=\"225\" srcset=\"https:\/\/clubdeyatestampico.com\/wp-content\/uploads\/2019\/08\/DSC00223-300x225.jpg 300w, https:\/\/clubdeyatestampico.com\/wp-content\/uploads\/2019\/08\/DSC00223-768x576.jpg 768w, https:\/\/clubdeyatestampico.com\/wp-content\/uploads\/2019\/08\/DSC00223-1024x768.jpg 1024w, https:\/\/clubdeyatestampico.com\/wp-content\/uploads\/2019\/08\/DSC00223-1x1.jpg 1w\" sizes=\"(max-width: 300px) 100vw, 300px\" \/><\/p>\n<p style=\"text-align: center;\"><strong>PRIMER LUGAR WAHOO 20.200 KG OMAR STILES<\/strong><\/p>\n<p>&nbsp;<\/p>\n<p style=\"text-align: center;\"><img loading=\"lazy\" decoding=\"async\" class=\"aligncenter size-medium wp-image-713\" src=\"http:\/\/clubdeyatestampico.com\/wp-content\/uploads\/2019\/08\/DSC00225-300x225.jpg\" alt=\"\" width=\"300\" height=\"225\" srcset=\"https:\/\/clubdeyatestampico.com\/wp-content\/uploads\/2019\/08\/DSC00225-300x225.jpg 300w, https:\/\/clubdeyatestampico.com\/wp-content\/uploads\/2019\/08\/DSC00225-768x576.jpg 768w, https:\/\/clubdeyatestampico.com\/wp-content\/uploads\/2019\/08\/DSC00225-1024x768.jpg 1024w, https:\/\/clubdeyatestampico.com\/wp-content\/uploads\/2019\/08\/DSC00225-1x1.jpg 1w\" sizes=\"(max-width: 300px) 100vw, 300px\" \/><\/p>\n<p style=\"text-align: center;\"><strong>PRIMER LUGAR AT\u00daN 15.400 KG ANTONIO FERN\u00c1NDEZ\u00a0<\/strong><\/p>\n","protected":false},"excerpt":{"rendered":"<p>CAMPEON MARLIN 204.750 KG CARLOS BORTONI\u00a0 &nbsp; PRIMER LUGAR DORADO 13.300 KG ALEJANDRO FERN\u00c1NDEZ &nbsp; PRIMER LUGAR WAHOO 20.200 KG OMAR STILES &nbsp; PRIMER LUGAR AT\u00daN 15.400 KG ANTONIO FERN\u00c1NDEZ\u00a0<\/p>\n","protected":false},"author":3,"featured_media":0,"parent":0,"menu_order":0,"comment_status":"closed","ping_status":"closed","template":"","meta":{"ngg_post_thumbnail":0,"footnotes":""},"_links":{"self":[{"href":"https:\/\/clubdeyatestampico.com\/index.php\/wp-json\/wp\/v2\/pages\/705"}],"collection":[{"href":"https:\/\/clubdeyatestampico.com\/index.php\/wp-json\/wp\/v2\/pages"}],"about":[{"href":"https:\/\/clubdeyatestampico.com\/index.php\/wp-json\/wp\/v2\/types\/page"}],"author":[{"embeddable":true,"href":"https:\/\/clubdeyatestampico.com\/index.php\/wp-json\/wp\/v2\/users\/3"}],"replies":[{"embeddable":true,"href":"https:\/\/clubdeyatestampico.com\/index.php\/wp-json\/wp\/v2\/comments?post=705"}],"version-history":[{"count":3,"href":"https:\/\/clubdeyatestampico.com\/index.php\/wp-json\/wp\/v2\/pages\/705\/revisions"}],"predecessor-version":[{"id":714,"href":"https:\/\/clubdeyatestampico.com\/index.php\/wp-json\/wp\/v2\/pages\/705\/revisions\/714"}],"wp:attachment":[{"href":"https:\/\/clubdeyatestampico.com\/index.php\/wp-json\/wp\/v2\/media?parent=705"}],"curies":[{"name":"wp","href":"https:\/\/api.w.org\/{rel}","templated":true}]}}