{"id":703,"date":"2019-08-21T11:39:35","date_gmt":"2019-08-21T17:39:35","guid":{"rendered":"http:\/\/clubdeyatestampico.com\/?page_id=703"},"modified":"2019-08-21T12:21:44","modified_gmt":"2019-08-21T18:21:44","slug":"xxxi-torneo-de-peto-jurel-y-barrilete","status":"publish","type":"page","link":"https:\/\/clubdeyatestampico.com\/index.php\/torneos\/torneos-2019-2\/xxxi-torneo-de-peto-jurel-y-barrilete\/","title":{"rendered":"XXXI TORNEO DE PETO, JUREL Y BARRILETE"},"content":{"rendered":"<p style=\"text-align: center;\"><img loading=\"lazy\" decoding=\"async\" class=\"aligncenter size-medium wp-image-716\" src=\"http:\/\/clubdeyatestampico.com\/wp-content\/uploads\/2019\/08\/DSC00196-300x225.jpg\" alt=\"\" width=\"300\" height=\"225\" srcset=\"https:\/\/clubdeyatestampico.com\/wp-content\/uploads\/2019\/08\/DSC00196-300x225.jpg 300w, https:\/\/clubdeyatestampico.com\/wp-content\/uploads\/2019\/08\/DSC00196-768x576.jpg 768w, https:\/\/clubdeyatestampico.com\/wp-content\/uploads\/2019\/08\/DSC00196-1024x768.jpg 1024w, https:\/\/clubdeyatestampico.com\/wp-content\/uploads\/2019\/08\/DSC00196-1x1.jpg 1w\" sizes=\"(max-width: 300px) 100vw, 300px\" \/><\/p>\n<p style=\"text-align: center;\"><strong>PRIMER LUGAR PETO 6.450 KG FRITZ STILES<\/strong><\/p>\n<p>&nbsp;<\/p>\n<p style=\"text-align: center;\"><img loading=\"lazy\" decoding=\"async\" class=\"aligncenter size-medium wp-image-717\" src=\"http:\/\/clubdeyatestampico.com\/wp-content\/uploads\/2019\/08\/DSC00201-300x225.jpg\" alt=\"\" width=\"300\" height=\"225\" srcset=\"https:\/\/clubdeyatestampico.com\/wp-content\/uploads\/2019\/08\/DSC00201-300x225.jpg 300w, https:\/\/clubdeyatestampico.com\/wp-content\/uploads\/2019\/08\/DSC00201-768x576.jpg 768w, https:\/\/clubdeyatestampico.com\/wp-content\/uploads\/2019\/08\/DSC00201-1024x768.jpg 1024w, https:\/\/clubdeyatestampico.com\/wp-content\/uploads\/2019\/08\/DSC00201-1x1.jpg 1w\" sizes=\"(max-width: 300px) 100vw, 300px\" \/><\/p>\n<p style=\"text-align: center;\"><strong>PRIMER LUGAR JUREL 8.350 KG AMADEO PRIETO<\/strong><\/p>\n<p>&nbsp;<\/p>\n<p style=\"text-align: center;\"><img loading=\"lazy\" decoding=\"async\" class=\"aligncenter size-medium wp-image-719\" src=\"http:\/\/clubdeyatestampico.com\/wp-content\/uploads\/2019\/08\/DSC00189-300x225.jpg\" alt=\"\" width=\"300\" height=\"225\" srcset=\"https:\/\/clubdeyatestampico.com\/wp-content\/uploads\/2019\/08\/DSC00189-300x225.jpg 300w, https:\/\/clubdeyatestampico.com\/wp-content\/uploads\/2019\/08\/DSC00189-768x576.jpg 768w, https:\/\/clubdeyatestampico.com\/wp-content\/uploads\/2019\/08\/DSC00189-1024x768.jpg 1024w, https:\/\/clubdeyatestampico.com\/wp-content\/uploads\/2019\/08\/DSC00189-1x1.jpg 1w\" sizes=\"(max-width: 300px) 100vw, 300px\" \/><\/p>\n<p style=\"text-align: center;\"><strong>PRIMER LUGAR&nbsp; DE BARRILETE 6.850 KG <\/strong><\/p>\n<p style=\"text-align: center;\"><strong>Y DAMA MEJOR CLASIFICADA CORINTIA CUEVAS<\/strong><\/p>\n<p>&nbsp;<\/p>\n<p style=\"text-align: center;\"><img loading=\"lazy\" decoding=\"async\" class=\"aligncenter size-medium wp-image-728\" src=\"http:\/\/clubdeyatestampico.com\/wp-content\/uploads\/2019\/08\/DSC00174-300x225.jpg\" alt=\"\" width=\"300\" height=\"225\" srcset=\"https:\/\/clubdeyatestampico.com\/wp-content\/uploads\/2019\/08\/DSC00174-300x225.jpg 300w, https:\/\/clubdeyatestampico.com\/wp-content\/uploads\/2019\/08\/DSC00174-768x576.jpg 768w, https:\/\/clubdeyatestampico.com\/wp-content\/uploads\/2019\/08\/DSC00174-1024x768.jpg 1024w, https:\/\/clubdeyatestampico.com\/wp-content\/uploads\/2019\/08\/DSC00174-1x1.jpg 1w\" sizes=\"(max-width: 300px) 100vw, 300px\" \/><\/p>\n<p style=\"text-align: center;\"><strong>PRIMER LUGAR NI\u00d1OS PETO 3.150 KG SALVADOR D\u00c1VILA VILCHIS<\/strong><\/p>\n<p style=\"text-align: center;\"><img loading=\"lazy\" decoding=\"async\" class=\"aligncenter size-medium wp-image-729\" src=\"http:\/\/clubdeyatestampico.com\/wp-content\/uploads\/2019\/08\/DSC00180-300x225.jpg\" alt=\"\" width=\"300\" height=\"225\" srcset=\"https:\/\/clubdeyatestampico.com\/wp-content\/uploads\/2019\/08\/DSC00180-300x225.jpg 300w, https:\/\/clubdeyatestampico.com\/wp-content\/uploads\/2019\/08\/DSC00180-768x576.jpg 768w, https:\/\/clubdeyatestampico.com\/wp-content\/uploads\/2019\/08\/DSC00180-1024x768.jpg 1024w, https:\/\/clubdeyatestampico.com\/wp-content\/uploads\/2019\/08\/DSC00180-1x1.jpg 1w\" sizes=\"(max-width: 300px) 100vw, 300px\" \/><\/p>\n<p style=\"text-align: center;\"><strong>PRIMER LUGAR NI\u00d1OS BARRILETE 3.050 KG ALEJANDRO D\u00c1VILA VILCHIS<\/strong><\/p>\n<p>&nbsp;<\/p>\n<p>&nbsp;<\/p>\n<p>&nbsp;<\/p>\n<p style=\"text-align: center;\">&nbsp;<\/p>\n","protected":false},"excerpt":{"rendered":"<p>PRIMER LUGAR PETO 6.450 KG FRITZ STILES &nbsp; PRIMER LUGAR JUREL 8.350 KG AMADEO PRIETO &nbsp; PRIMER LUGAR&nbsp; DE BARRILETE 6.850 KG Y DAMA MEJOR CLASIFICADA CORINTIA CUEVAS &nbsp; PRIMER LUGAR NI\u00d1OS PETO 3.150 KG SALVADOR D\u00c1VILA VILCHIS PRIMER LUGAR NI\u00d1OS BARRILETE 3.050 KG ALEJANDRO D\u00c1VILA VILCHIS &nbsp; &nbsp; &nbsp; &nbsp;<\/p>\n","protected":false},"author":3,"featured_media":0,"parent":697,"menu_order":0,"comment_status":"closed","ping_status":"closed","template":"","meta":{"ngg_post_thumbnail":0,"footnotes":""},"_links":{"self":[{"href":"https:\/\/clubdeyatestampico.com\/index.php\/wp-json\/wp\/v2\/pages\/703"}],"collection":[{"href":"https:\/\/clubdeyatestampico.com\/index.php\/wp-json\/wp\/v2\/pages"}],"about":[{"href":"https:\/\/clubdeyatestampico.com\/index.php\/wp-json\/wp\/v2\/types\/page"}],"author":[{"embeddable":true,"href":"https:\/\/clubdeyatestampico.com\/index.php\/wp-json\/wp\/v2\/users\/3"}],"replies":[{"embeddable":true,"href":"https:\/\/clubdeyatestampico.com\/index.php\/wp-json\/wp\/v2\/comments?post=703"}],"version-history":[{"count":6,"href":"https:\/\/clubdeyatestampico.com\/index.php\/wp-json\/wp\/v2\/pages\/703\/revisions"}],"predecessor-version":[{"id":730,"href":"https:\/\/clubdeyatestampico.com\/index.php\/wp-json\/wp\/v2\/pages\/703\/revisions\/730"}],"up":[{"embeddable":true,"href":"https:\/\/clubdeyatestampico.com\/index.php\/wp-json\/wp\/v2\/pages\/697"}],"wp:attachment":[{"href":"https:\/\/clubdeyatestampico.com\/index.php\/wp-json\/wp\/v2\/media?parent=703"}],"curies":[{"name":"wp","href":"https:\/\/api.w.org\/{rel}","templated":true}]}}