{"id":528,"date":"2019-08-02T19:25:59","date_gmt":"2019-08-02T19:25:59","guid":{"rendered":"http:\/\/clubdeyatestampico.com\/?page_id=528"},"modified":"2019-08-02T19:26:00","modified_gmt":"2019-08-02T19:26:00","slug":"telefonos-de-emergencia","status":"publish","type":"page","link":"https:\/\/clubdeyatestampico.com\/index.php\/telefonos-de-emergencia\/","title":{"rendered":"TEL\u00c9FONOS DE EMERGENCIA"},"content":{"rendered":"\n<pre class=\"wp-block-preformatted\">\n<strong>Centro Integral de Atenci\u00f3n al Turista<\/strong>\n01 (800) 987 8224\n\n<strong>Cruz Roja Mexicana<\/strong>\n065\n\n<strong>Direcci\u00f3n de Seguridad P\u00fablica y Vialidad<\/strong>\n060\n\n<strong>Emergencias (Polic\u00eda, Transito, Bomberos, Cruz Roja y Protecci\u00f3n Civil<\/strong>)\n066 \/ 911\n\n<strong>Hospital Angeles<\/strong>\n01 (833) 132 6804, 6805\nAv. Hidalgo No.5503. Fracc. Flamboyanes\n\n<strong>Hospital de Petroleos Mexicanos (PEMEX)<\/strong>\n01 (833) 210 2022\nCalle 10 y 5a Avenida Col. Jard\u00edn 20 de Noviembre\n\n<strong>Hospital General de Tampico<\/strong>\n01 (833) 213 2035\nAve. Ejercito Mexicano No. 1403\n\n<strong>Hospital IMSS Cd. Madero Instituto Mexicano del Seguro Social<\/strong>\n01 (833) 215 2220\nBlvd. Adolfo L\u00f3pez Mateos y Ave. Zapotlan s\/n C.P.89400\n\n<strong>Hospital Naval<\/strong>\n01 (833) 213 4329, 6585\nAgua Dulce y Mar Mediterr\u00e1neo s\/n\n\n<strong>Hospital Regional Militar<\/strong>\n01 (833) 214 0543\nVenustiano Carranza Poniente No.701. Col. Centro\n\n<strong>Instituto Mexicano del Seguro Social (IMSS) Altamira<\/strong>\n01 (833) 224 89 42\nCalle 2 y 17, Col. Monte Alto\n\n<strong>Polic\u00eda Federal de Caminos<\/strong>\n01 (833) 224 0303\nCarr. Tampico - Mante No. 19\n\n<strong>Polic\u00eda Ministerial del Estado<\/strong>\n01 (833) 214 3249, 212 3725\n\n<strong>Presidencia Municipal Altamira<\/strong>\n01 (833) 260 6500\n\n<strong>Presidencia Municipal Ciudad Madero<\/strong>\n01 (833) 305 2300\nAve. \u00c1lvaro Obreg\u00f3n No. 201 Sur Col. Centro\n\n<strong>Presidencia Municipal Tampico<\/strong>\n01 (833) 305 2703\nCol\u00f3n s\/n Col. Centro <\/pre>\n\n\n\n<p><\/p>\n","protected":false},"excerpt":{"rendered":"<p>Centro Integral de Atenci\u00f3n al Turista 01 (800) 987 8224 Cruz Roja Mexicana 065 Direcci\u00f3n de Seguridad P\u00fablica y Vialidad 060 Emergencias (Polic\u00eda, Transito, Bomberos, Cruz Roja y Protecci\u00f3n Civil) 066 \/ 911 Hospital Angeles 01 (833) 132 6804, 6805 Av. Hidalgo No.5503. Fracc. Flamboyanes Hospital de Petroleos Mexicanos (PEMEX) 01 (833) 210 2022 Calle [&hellip;]<\/p>\n","protected":false},"author":1,"featured_media":0,"parent":0,"menu_order":0,"comment_status":"closed","ping_status":"closed","template":"","meta":{"ngg_post_thumbnail":0,"footnotes":""},"_links":{"self":[{"href":"https:\/\/clubdeyatestampico.com\/index.php\/wp-json\/wp\/v2\/pages\/528"}],"collection":[{"href":"https:\/\/clubdeyatestampico.com\/index.php\/wp-json\/wp\/v2\/pages"}],"about":[{"href":"https:\/\/clubdeyatestampico.com\/index.php\/wp-json\/wp\/v2\/types\/page"}],"author":[{"embeddable":true,"href":"https:\/\/clubdeyatestampico.com\/index.php\/wp-json\/wp\/v2\/users\/1"}],"replies":[{"embeddable":true,"href":"https:\/\/clubdeyatestampico.com\/index.php\/wp-json\/wp\/v2\/comments?post=528"}],"version-history":[{"count":1,"href":"https:\/\/clubdeyatestampico.com\/index.php\/wp-json\/wp\/v2\/pages\/528\/revisions"}],"predecessor-version":[{"id":529,"href":"https:\/\/clubdeyatestampico.com\/index.php\/wp-json\/wp\/v2\/pages\/528\/revisions\/529"}],"wp:attachment":[{"href":"https:\/\/clubdeyatestampico.com\/index.php\/wp-json\/wp\/v2\/media?parent=528"}],"curies":[{"name":"wp","href":"https:\/\/api.w.org\/{rel}","templated":true}]}}