{"id":518,"date":"2019-08-02T18:20:10","date_gmt":"2019-08-02T18:20:10","guid":{"rendered":"http:\/\/clubdeyatestampico.com\/?page_id=518"},"modified":"2019-09-05T11:17:40","modified_gmt":"2019-09-05T17:17:40","slug":"matriculacion-y-permiso-servicio-turistico","status":"publish","type":"page","link":"https:\/\/clubdeyatestampico.com\/index.php\/matriculacion-y-permiso-servicio-turistico\/","title":{"rendered":"MATRICULACI\u00d3N Y PERMISO SERVICIO TUR\u00cdSTICO"},"content":{"rendered":"\r\n<p><a href=\"https:\/\/www.gob.mx\/semar%7Cunicapam\/acciones-y-programas\/tramites-de-unicapam\">Unidad de Capitan\u00edas de Puerto y Asuntos Mar\u00edtimos<\/a><\/p>\r\n\r\n\r\n\r\n<p>&nbsp;<\/p>\r\n<p><strong>&nbsp; &nbsp; &nbsp; &nbsp; &nbsp; &nbsp; &nbsp; &nbsp; &nbsp; &nbsp; &nbsp; &nbsp; &nbsp; &nbsp; &nbsp; &nbsp; &nbsp; &nbsp; &nbsp; &nbsp; &nbsp; &nbsp; &nbsp; &nbsp; &nbsp; &nbsp; &nbsp; &nbsp; &nbsp; &nbsp; &nbsp; &nbsp; &nbsp; DOCUMENTOS PARA MATRICULAR UNA <\/strong><b>EMBARCACI\u00d3N<\/b><\/p>\r\n<p>&nbsp;<\/p>\r\n<p><u>&nbsp;OBLIGATORIOS<\/u><\/p>\r\n<ul>\r\n<li>FORMATO DE SOLICITUD DE MATRICULACI\u00d3N.<\/li>\r\n<li>MANDATO PODER DEL REPRESENTANTE LEGAL, SI ESTE ES EL QUE PROMUEVE O SE AUTORIZA A ALGUIEN CON TAL CAR\u00c1CTER.<\/li>\r\n<li>TESTIMONIO DE LA ESCRITURA PUBLICA DE CONSTITUCI\u00d3N Y EN SU CASO, DE REFORMAS DE LA MISMA, CUANDO SE TRATE DE PERSONA MORAL.<\/li>\r\n<li>EN CASO DE PERSONA F\u00cdSICA, COPIA DEL ACTA DE NACIMIENTO O DE CUALQUIER OTRO DOCUMENTO CON EL QUE EL INTERESADO ACREDITE SU NACIONALIDAD MEXICANA, EN T\u00c9RMINOS DE LO DISPUESTO POR EL ART. 3\u00ba DE LA LEY DE NACIONALIDAD.<\/li>\r\n<li>CONTRATO, FACTURA O DOCUMENTO CON EL QUE ACREDITE LA PROPIEDAD DE LA EMBARCACI\u00d3N&nbsp;O ARTEFACTO NAVAL, O CONTRATO DE ARRENDAMIENTO FINANCIERO, EN T\u00c9RMINOS&nbsp;DE ESTE CAPITULO, OTORGANDO ANTE FEDATARIO PUBLICO, QUE DEMUESTRE SU LEGITIMA POSESI\u00d3N.<\/li>\r\n<li>DOCUMENTO QUE ACREDITE, EN SU CASO, LA DIMISI\u00d3N DE BANDERA DEL PA\u00cdS DE PROCEDENCIA Y EN SU CASO, LA BAJA PERMANENTE DE SU REGISTRO.<\/li>\r\n<li>COPIA DE LOS CERTIFICADOS VIGENTES QUE GARANTICEN LA SEGURIDAD PARA LA NAVEGACI\u00d3N.<\/li>\r\n<li>C\u00c1LCULOS&nbsp;DE ARQUEO (SOLO CUANDO LA EMBARCACI\u00d3N TENGA UNA ESLORA MAYOR A 12 METROS)<\/li>\r\n<li>DOS FOTOGRAF\u00cdAS&nbsp;DE LA EMBARCACI\u00d3N&nbsp;O ARTEFACTO NAVAL, UNA DE FRENTE Y LA OTRA DE COSTADO QUE TENGAN DE FONDO EL AGUA (FLOTANDO), ROTULADOS EN FORMA CLARAMENTE VISIBLE CON EL NOMBRE DE LA EMBARCACI\u00d3N, EL DEL PUERTO Y NUMERO DE MATRICULA EN LAS AMURAS Y POPA, EN COLOR QUE CONTRASTE CON EL DE LA EMBARCACI\u00d3N O ARTEFACTO NAVAL.<\/li>\r\n<li>DOCUMENTO QUE ACREDITA LA INTERNACION LEGAL AL PA\u00cdS DE LA EMBARCACI\u00d3N O ARTEFACTO NAVAL.<\/li>\r\n<li>CUANDO LA EMBARCACI\u00d3N ES DE PROCEDENCIA EXTRANJERA, LA DOCUMENTACI\u00d3N QUE SE OTORGUE EN EL EXTRANJERO, DEBER\u00c1&nbsp;DE SER LEGALIZADA ANTE EL C\u00d3NSUL MEXICANO RESPECTIVO, SALVO CUANDO TAL REQUISITO NO SEA NECESARIO POR HABER SIDO APOSTILLADA DE CONFORMIDAD CON EL TRATADO INTERNACIONAL EN LA MATERIA. DICHA DOCUMENTACI\u00d3N&nbsp;DEBER\u00c1&nbsp;SER TRADUCIDA POR PERITO OFICIAL AUTORIZADO EN M\u00c9XICO Y POSTERIORMENTE PROTOCOLIZADOS ANTE FEDATARIO P\u00daBLICO.<\/li>\r\n<\/ul>\r\n<p>&nbsp;<\/p>\r\n<p><u>OPCIONALES<\/u><\/p>\r\n<ul>\r\n<li>RFC&nbsp; REGISTRO FEDERAL DE CAUSANTES<\/li>\r\n<li>CURP&nbsp; &nbsp;CLAVE \u00daNICA DE REGISTRO DE POBLACI\u00d3N<\/li>\r\n<li>INE O IFE CREDENCIAL DE ELECTOR<\/li>\r\n<\/ul>\r\n<p>&nbsp;<\/p>\r\n<p>DIRECTORIO TELEF\u00d3NICO PARA TRAMITES DE MATRICULAS<\/p>\r\n<p>&nbsp;<\/p>\r\n<p>RICARDO QUINTANILLA&nbsp;&nbsp; (GESTOR) (MUY CAPACITADO)&nbsp; 833-2-89-30-75<\/p>\r\n<p>&nbsp;<\/p>\r\n<p>LIC. JOAQUIN ARGUELLES&nbsp;&nbsp;&nbsp;&nbsp; (NOTARIO)&nbsp;&nbsp;&nbsp;&nbsp;&nbsp;&nbsp;&nbsp;&nbsp;&nbsp;&nbsp;&nbsp;&nbsp;&nbsp;&nbsp;&nbsp;&nbsp;&nbsp;&nbsp;&nbsp;&nbsp;&nbsp;&nbsp;&nbsp;&nbsp;&nbsp; &nbsp;&nbsp;&nbsp;833-2-12-19-95<\/p>\r\n<p>&nbsp;&nbsp;&nbsp;&nbsp;&nbsp;&nbsp;&nbsp;&nbsp;&nbsp;&nbsp;&nbsp;&nbsp;&nbsp;&nbsp;&nbsp;&nbsp;&nbsp;&nbsp;&nbsp;&nbsp;&nbsp;&nbsp;&nbsp;&nbsp;&nbsp;&nbsp;&nbsp;&nbsp;&nbsp;&nbsp;&nbsp;&nbsp;&nbsp;&nbsp;&nbsp;&nbsp;&nbsp;&nbsp;&nbsp;&nbsp;&nbsp;&nbsp;&nbsp;&nbsp;&nbsp;&nbsp;&nbsp;&nbsp;&nbsp;&nbsp;&nbsp;&nbsp;&nbsp;&nbsp;&nbsp;&nbsp;&nbsp;&nbsp;&nbsp;&nbsp;&nbsp;&nbsp;&nbsp;&nbsp;&nbsp;&nbsp;&nbsp;&nbsp;&nbsp;&nbsp;&nbsp;&nbsp;&nbsp;&nbsp;&nbsp;&nbsp;&nbsp;&nbsp;&nbsp;&nbsp;&nbsp;&nbsp;&nbsp;&nbsp;&nbsp;&nbsp;&nbsp;&nbsp;&nbsp;&nbsp;&nbsp;&nbsp;&nbsp;&nbsp;&nbsp;&nbsp;&nbsp;&nbsp;&nbsp;&nbsp; 833-2-12-13-96<\/p>\r\n<p>&nbsp;&nbsp;&nbsp;&nbsp;&nbsp;&nbsp;&nbsp;&nbsp;&nbsp;&nbsp;&nbsp;&nbsp;&nbsp;&nbsp;&nbsp;&nbsp;&nbsp;&nbsp;&nbsp;&nbsp;&nbsp;&nbsp;&nbsp;&nbsp;&nbsp;&nbsp;&nbsp;&nbsp;&nbsp;&nbsp;&nbsp;&nbsp;&nbsp;&nbsp;&nbsp;&nbsp;&nbsp;&nbsp;&nbsp;&nbsp;&nbsp;&nbsp;&nbsp;&nbsp;&nbsp;&nbsp;&nbsp;&nbsp;&nbsp;&nbsp;&nbsp;&nbsp;&nbsp;&nbsp;&nbsp;&nbsp;&nbsp;&nbsp;&nbsp; &nbsp;&nbsp;&nbsp;&nbsp;&nbsp;&nbsp;&nbsp;&nbsp;&nbsp;&nbsp;&nbsp;&nbsp;&nbsp;&nbsp;&nbsp;&nbsp;&nbsp;&nbsp;&nbsp;&nbsp;&nbsp;&nbsp;&nbsp;&nbsp;&nbsp;&nbsp;&nbsp;&nbsp;&nbsp;&nbsp;&nbsp;&nbsp;&nbsp;&nbsp;&nbsp;&nbsp;&nbsp;&nbsp;&nbsp;&nbsp;&nbsp;833-2-12-13-99<\/p>\r\n<p>&nbsp;&nbsp;&nbsp;&nbsp;&nbsp;&nbsp;&nbsp;&nbsp;&nbsp;&nbsp;&nbsp;&nbsp;&nbsp;&nbsp;&nbsp;&nbsp;&nbsp;&nbsp;&nbsp;&nbsp;&nbsp;&nbsp;&nbsp;&nbsp;&nbsp;&nbsp;&nbsp;&nbsp;&nbsp;&nbsp;&nbsp;&nbsp;&nbsp;&nbsp;&nbsp;&nbsp;&nbsp;&nbsp;&nbsp;&nbsp;&nbsp;&nbsp;&nbsp;&nbsp;&nbsp;&nbsp;&nbsp;&nbsp;&nbsp;&nbsp;&nbsp;&nbsp;&nbsp;&nbsp;&nbsp;&nbsp;&nbsp;&nbsp;&nbsp;&nbsp;&nbsp;&nbsp;&nbsp;&nbsp;&nbsp;&nbsp;&nbsp;&nbsp;&nbsp;&nbsp;&nbsp;&nbsp;&nbsp;&nbsp;&nbsp;&nbsp;&nbsp;&nbsp;&nbsp;&nbsp;&nbsp;&nbsp;&nbsp;&nbsp;&nbsp;&nbsp;&nbsp;&nbsp;&nbsp;&nbsp;&nbsp;&nbsp;&nbsp;&nbsp;&nbsp;&nbsp;&nbsp;&nbsp;&nbsp;&nbsp; 833-2-12-29-69<\/p>\r\n<p>&nbsp;<\/p>\r\n<p>EMILIO GARC\u00cdA WALLE&nbsp;&nbsp;&nbsp; (ARQUEOS)&nbsp;&nbsp;&nbsp;&nbsp;&nbsp;&nbsp;&nbsp;&nbsp;&nbsp;&nbsp;&nbsp;&nbsp;&nbsp;&nbsp;&nbsp;&nbsp;&nbsp;&nbsp;&nbsp;&nbsp;&nbsp;&nbsp;&nbsp;&nbsp;&nbsp;&nbsp;&nbsp;&nbsp;&nbsp;&nbsp;&nbsp;&nbsp;&nbsp;&nbsp; 833-2-12-08-31<\/p>\r\n<p>&nbsp;<\/p>\r\n<p>REYNALDO ENRIQUEZ ALMAGUER&nbsp;&nbsp; (TRADUCTOR)&nbsp;&nbsp;&nbsp;&nbsp;&nbsp;&nbsp;&nbsp;&nbsp;&nbsp;&nbsp; 833-2-18-91-55<\/p>\r\n<p>&nbsp;<\/p>\r\n<p>CAPITAN\u00cdA&nbsp;DE PUERTO&nbsp;&nbsp;&nbsp;&nbsp;&nbsp;&nbsp;&nbsp;&nbsp;&nbsp;&nbsp;&nbsp;&nbsp;&nbsp;&nbsp;&nbsp;&nbsp;&nbsp;&nbsp;&nbsp;&nbsp;&nbsp;&nbsp;&nbsp;&nbsp;&nbsp;&nbsp;&nbsp;&nbsp;&nbsp;&nbsp;&nbsp;&nbsp;&nbsp;&nbsp;&nbsp;&nbsp;&nbsp;&nbsp;&nbsp;&nbsp;&nbsp;&nbsp;&nbsp;&nbsp;&nbsp;&nbsp;&nbsp;&nbsp;&nbsp;&nbsp;&nbsp;&nbsp;&nbsp;&nbsp;&nbsp;&nbsp;&nbsp;&nbsp;&nbsp; 833-1-90-03-84<\/p>\r\n<p>&nbsp;<\/p>\r\n<p>&nbsp;<\/p>\r\n<p>OBSERVACIONES: COMO SABEMOS EXISTEN DOS FORMAS DE IMPORTAR UNA EMBARCACI\u00d3N; LA TEMPORAL Y LA DEFINITIVA. QUE ES UNO DE LOS PRIMEROS TRAMITES QUE HAY QUE HACER PARA PODER MATRICULAR UNA EMBARCACI\u00d3N.<\/p>\r\n<p>&nbsp;<\/p>\r\n<p>LA IMPORTACI\u00d3N&nbsp;TEMPORAL ES MUY ECON\u00d3MICA, PERO SOLO ES VALIDA POR 10 A\u00d1OS Y LA EMBARCACI\u00d3N NO SE PUEDE VENDER POSTERIORMENTE, VENDERLA CONSTITUYE UN DELITO, Y AL TERMINO DE LOS 10 A\u00d1OS SE TIENE QUE REGRESAR LA EMBARCACI\u00d3N A SU LUGAR DE ORIGEN. AUNQUE SE PUEDE VOLVER A IMPORTAR TEMPORALMENTE, ES UN POCO COMPLICADO.<\/p>\r\n<p>&nbsp;<\/p>\r\n<p>LA IMPORTACI\u00d3N DEFINITIVA ES MUCHO MAS CARA, APROXIMADAMENTE EL 30% DEL VALOR DE LA EMBARCACI\u00d3N&nbsp;EN FACTURA, PERO SE PUEDE VENDER SIN NING\u00daN PROBLEMA POSTERIORMENTE.<\/p>\r\n<p><strong>&nbsp;<\/strong><\/p>\r\n<p>&nbsp;<\/p>\r\n\r\n\r\n\r\n<p style=\"text-align: center;\"><strong>CAMBIO DE PROPIETARIO DE LA EMBARCACI\u00d3N<\/strong><\/p>\r\n\r\n\r\n\r\n<ul>\r\n<li>CERTIFICADO ANTERIOR ORIGINAL Y COPIA FACTURA ENDOSADA CON LA FIRMA AUT\u00d3GRAFA DEL PROPIETARIO ANTERIOR (EN CASO DE NO CONTAR CON ELLA, DEBER\u00c1 PRESENTAR CARTA NOTARIADA CON EL CUAL AVALE LA PROPIEDAD DEL MISMO).<\/li>\r\n<\/ul>\r\n\r\n\r\n\r\n<ul>\r\n<li>COPIA DE LA CREDENCIAL DEL INE DE LOS INVOLUCRADOS<\/li>\r\n<\/ul>\r\n\r\n\r\n\r\n<p style=\"text-align: center;\"><strong>CAMBIO DE MOTOR<\/strong><\/p>\r\n\r\n\r\n\r\n<ul>\r\n<li>CERTIFICADO ANTERIOR ORIGINAL Y COPIA FACTURA ENDOSADA CON LA FIRMA AUTOGRAFA DEL PROPIETARIO ANTERIOR .(EN CASO DE NO CONTAR CON ELLA, DEBERA PRESENTAR CARTA NOTARIADA CON EL CUAL AVALE LA PROPIEDAD DEL MISMO)<\/li>\r\n<\/ul>\r\n\r\n\r\n\r\n<ul>\r\n<li>COPIA DE LA CREDENCIAL DEL INE DE LOS INVOLUCRADOS .<\/li>\r\n<\/ul>\r\n\r\n\r\n\r\n<p style=\"text-align: center;\"><strong>CAMBIO DE NOMBRE<\/strong><\/p>\r\n\r\n\r\n\r\n<ul>\r\n<li>CERTIFICADO ANTERIOR ORIGINAL Y COPIA CREDENCIAL INE<\/li>\r\n<\/ul>\r\n\r\n\r\n\r\n<p style=\"text-align: center;\"><strong>PROCEDIMIENTO <\/strong><\/p>\r\n\r\n\r\n\r\n<p>AL TENER LA DOCUMENTACI\u00d3N NECESARIA PARA EFECTUAR EL TRAMITE REQUERIDO, PREVIA REVISI\u00d3N DE LA DOCUMENTACI\u00d3N PRESENTADA PARA CORROBORAR SE ENCUENTRE COMPLETO Y <br>CORRECTO. DEBER\u00c1 PRESENTARSE EN ESTA OFICINA AL \u00c1REA DE VENTANILLA \u00daNICA &#8220;INGRESOS&#8221;, EN LA CUAL SE LE GENERARA EL DOCUMENTO DENOMINADO &#8220;HOJA DE AYUDA&#8221;, CON LA CUAL EL <br>USUARIO PODR\u00c1 PAGAR EN LA INSTITUCI\u00d3N BANCARIA QUE SE LE INDIQUE. TENIENDO 48 HRS PARA EFECTUARLO.<\/p>\r\n\r\n\r\n\r\n<p>POSTERIORMENTE AL PAGO EN LA INSTITUCI\u00d3N BANCARIA, SE PRESENTARA EN EL \u00c1REA DE VENTANILLA \u00daNICA &#8220;INGRESOS&#8221; A FIN QUE SE LE GENERE UNA PRE-FACTURA CON LA CUAL PASARA A VENTANILLA \u00daNICA &#8220;TRAMITE&#8221; CON EL FIN DE QUE SE TURNE Al \u00c1REA DE PROCESO CORRESPONDIENTEMENTE EL TRAMITE SOLICITADO, QUEDANDO PENDIENTE LA ENTREGA DEL DOCUMENTO REQUERIDO.<\/p>\r\n\r\n\r\n\r\n<p><strong>PRECIOS DE LOS DIFERENTES TRAMITES, LOS CUALES PUEDEN SUFRIR MODIFICACIONES<br><\/strong><br>MATRICULACI\u00d3N: $521 .OO PESOS <br>CERTIFICADO NACIONAL DE INSPECCI\u00d3N $95.00 PESOS<\/p>\r\n\r\n\r\n\r\n<p style=\"text-align: center;\"><strong>CERTIFICADO NACIONAL DE SEGURIDAD<\/strong><\/p>\r\n\r\n\r\n\r\n<ul>\r\n<li>CERTIFICADO ANTERIOR ORIGINAL Y COPIA<\/li>\r\n<li>COMPROBANTE DE PAGO (DE CONTAR CON EL)<\/li>\r\n<li>FOTOGRAF\u00cdAS DE LA EMBARCACI\u00d3N DESDE LOS DIFERENTES \u00c1NGULOS QUE SE INDICAN, DEBIENDO ESTAR LA EMBARCACI\u00d3N A FLOTE, QUE SE OBSERVE CLARAMENTE EL NOMBRE, MATR\u00cdCULA, LA MARCA Y CABALLAJE DEL MOTOR Y UNA FOTO DONDE SE OBSERVE EL MATERIAL DE SALVAMENTO (EN BUENAS CONDICIONES)<\/li>\r\n<\/ul>\r\n","protected":false},"excerpt":{"rendered":"<p>Unidad de Capitan\u00edas de Puerto y Asuntos Mar\u00edtimos &nbsp; &nbsp; &nbsp; &nbsp; &nbsp; &nbsp; &nbsp; &nbsp; &nbsp; &nbsp; &nbsp; &nbsp; &nbsp; &nbsp; &nbsp; &nbsp; &nbsp; &nbsp; &nbsp; &nbsp; &nbsp; &nbsp; &nbsp; &nbsp; &nbsp; &nbsp; &nbsp; &nbsp; &nbsp; &nbsp; &nbsp; &nbsp; &nbsp; &nbsp; DOCUMENTOS PARA MATRICULAR UNA EMBARCACI\u00d3N &nbsp; &nbsp;OBLIGATORIOS FORMATO DE SOLICITUD DE MATRICULACI\u00d3N. MANDATO [&hellip;]<\/p>\n","protected":false},"author":1,"featured_media":0,"parent":0,"menu_order":0,"comment_status":"closed","ping_status":"closed","template":"","meta":{"ngg_post_thumbnail":0,"footnotes":""},"_links":{"self":[{"href":"https:\/\/clubdeyatestampico.com\/index.php\/wp-json\/wp\/v2\/pages\/518"}],"collection":[{"href":"https:\/\/clubdeyatestampico.com\/index.php\/wp-json\/wp\/v2\/pages"}],"about":[{"href":"https:\/\/clubdeyatestampico.com\/index.php\/wp-json\/wp\/v2\/types\/page"}],"author":[{"embeddable":true,"href":"https:\/\/clubdeyatestampico.com\/index.php\/wp-json\/wp\/v2\/users\/1"}],"replies":[{"embeddable":true,"href":"https:\/\/clubdeyatestampico.com\/index.php\/wp-json\/wp\/v2\/comments?post=518"}],"version-history":[{"count":9,"href":"https:\/\/clubdeyatestampico.com\/index.php\/wp-json\/wp\/v2\/pages\/518\/revisions"}],"predecessor-version":[{"id":740,"href":"https:\/\/clubdeyatestampico.com\/index.php\/wp-json\/wp\/v2\/pages\/518\/revisions\/740"}],"wp:attachment":[{"href":"https:\/\/clubdeyatestampico.com\/index.php\/wp-json\/wp\/v2\/media?parent=518"}],"curies":[{"name":"wp","href":"https:\/\/api.w.org\/{rel}","templated":true}]}}