{"id":496,"date":"2019-08-02T16:22:55","date_gmt":"2019-08-02T16:22:55","guid":{"rendered":"http:\/\/clubdeyatestampico.com\/?page_id=496"},"modified":"2019-08-21T13:39:31","modified_gmt":"2019-08-21T19:39:31","slug":"proveedores","status":"publish","type":"page","link":"https:\/\/clubdeyatestampico.com\/index.php\/proveedores\/","title":{"rendered":"Prestadores de Servicios"},"content":{"rendered":"<table width=\"625\">\n<tbody>\n<tr>\n<td style=\"text-align: center;\" width=\"204\"><strong>NOMBRE<\/strong><\/td>\n<td style=\"text-align: center;\" width=\"217\"><strong>SERVICIO<\/strong><\/td>\n<td style=\"text-align: center;\" width=\"204\"><strong>TEL\u00c9FONO<\/strong><\/td>\n<\/tr>\n<tr>\n<td>Alex Hern\u00e1ndez<\/td>\n<td>Mec\u00e1nico<\/td>\n<td>8331403725<\/td>\n<\/tr>\n<tr>\n<td>Ing. Carlos Garc\u00eda<\/td>\n<td>Mec\u00e1nico El\u00e9ctrico<\/td>\n<td>8331378048<\/td>\n<\/tr>\n<tr>\n<td>Mart\u00edn<\/td>\n<td>T\u00e9cnico radios, GPS, Elec.<\/td>\n<td>8332329568<\/td>\n<\/tr>\n<tr>\n<td>Alejandro Roux<\/td>\n<td>El\u00e9ctrico, Mec\u00e1nico<\/td>\n<td>8332835629<\/td>\n<\/tr>\n<tr>\n<td>Hilario<\/td>\n<td>Mec\u00e1nico fuera de borda<\/td>\n<td>8333916951<\/td>\n<\/tr>\n<tr>\n<td>Gemelo Calder\u00f3n<\/td>\n<td>Mec\u00e1nico fuera de borda<\/td>\n<td>8332668963<\/td>\n<\/tr>\n<tr>\n<td>Poncho<\/td>\n<td>Mec\u00e1nico fuera de borda Mercury<\/td>\n<td>8331280041<\/td>\n<\/tr>\n<tr>\n<td>Jos\u00e9 Luis<\/td>\n<td>Tapicero<\/td>\n<td>8331485484<\/td>\n<\/tr>\n<tr>\n<td>Gumaro<\/td>\n<td>Fibrero<\/td>\n<td>8331049543<\/td>\n<\/tr>\n<tr>\n<td>Pronaresa<\/td>\n<td>Redes e implementos mar\u00edtimos<\/td>\n<td>&nbsp;8332122603<\/td>\n<\/tr>\n<tr>\n<td>Deportes la Sonora<\/td>\n<td>Equipo de pesca<\/td>\n<td>8332122845<\/td>\n<\/tr>\n<tr>\n<td>Furuno<\/td>\n<td>GPS, radios, antenas, etc<\/td>\n<td>8332144676<\/td>\n<\/tr>\n<tr>\n<td>Marcelo Brambila<\/td>\n<td>GPS, radios, antenas, etc<\/td>\n<td>8331090287<\/td>\n<\/tr>\n<tr>\n<td>API TAMPICO<\/td>\n<td>Autoridad<\/td>\n<td>8332411400<\/td>\n<\/tr>\n<tr>\n<td>Bass Pro Shop<\/td>\n<td>Tienda de equipo de pesca<\/td>\n<td>0012106859937<\/td>\n<\/tr>\n<tr>\n<td>Capitan\u00eda de Puerto<\/td>\n<td>Autoridad<\/td>\n<td>8332123079<\/td>\n<\/tr>\n<tr>\n<td>Electroman de Tampico<\/td>\n<td>Electr\u00f3nica Marina<\/td>\n<td>8332329568<\/td>\n<\/tr>\n<tr>\n<td>Equimar<\/td>\n<td>Motores Suzuki<\/td>\n<td>8332147521<\/td>\n<\/tr>\n<tr>\n<td>Duncan y Cossio<\/td>\n<td>Equipo de seguridad mar\u00edtima<\/td>\n<td>8332167110<\/td>\n<\/tr>\n<tr>\n<td>Club de Regatas<\/td>\n<td>Club Social y deportivo<\/td>\n<td>8332137650<\/td>\n<\/tr>\n<tr>\n<td>Mayito Quintanilla<\/td>\n<td>Reparaci\u00f3n de ca\u00f1as y carretes<\/td>\n<td>8331403775<\/td>\n<\/tr>\n<tr>\n<td>Conapesca<\/td>\n<td>Autoridad<\/td>\n<td>6799156900 Ext. 59647<\/td>\n<\/tr>\n<tr>\n<td>\u00c1rabe<\/td>\n<td>Reparaci\u00f3n de ca\u00f1as y carretes<\/td>\n<td>8331494067<\/td>\n<\/tr>\n<tr>\n<td>Sagarpa<\/td>\n<td>Autoridad<\/td>\n<td>8332125852<\/td>\n<\/tr>\n<tr>\n<td>Semarnat<\/td>\n<td>Autoridad<\/td>\n<td>8332178222<\/td>\n<\/tr>\n<tr>\n<td>Fish Co.<\/td>\n<td>Equipo de pesca<\/td>\n<td>6461163337<\/td>\n<\/tr>\n<tr>\n<td>Ricardo Quintanilla<\/td>\n<td>Gestor de matr\u00edculas<\/td>\n<td>8333016827<\/td>\n<\/tr>\n<tr>\n<td>Servicio de agua Altamirano<\/td>\n<td>Proveedor de agua potable<\/td>\n<td>8332640031<\/td>\n<\/tr>\n<tr>\n<td>Ni\u00f1o Mec\u00e1nica<\/td>\n<td>Mec\u00e1nica, motores fuera de borda<\/td>\n<td>8333926084<\/td>\n<\/tr>\n<tr>\n<td>Derma Mar\u00edn<\/td>\n<td>Refacciones y accesorios marinios<\/td>\n<td>8332133224<\/td>\n<\/tr>\n<tr>\n<td>Redes e implementos de Tampico<\/td>\n<td>Equipo de pesca<\/td>\n<td>8332122603<\/td>\n<\/tr>\n<\/tbody>\n<\/table>\n","protected":false},"excerpt":{"rendered":"<p>NOMBRE SERVICIO TEL\u00c9FONO Alex Hern\u00e1ndez Mec\u00e1nico 8331403725 Ing. Carlos Garc\u00eda Mec\u00e1nico El\u00e9ctrico 8331378048 Mart\u00edn T\u00e9cnico radios, GPS, Elec. 8332329568 Alejandro Roux El\u00e9ctrico, Mec\u00e1nico 8332835629 Hilario Mec\u00e1nico fuera de borda 8333916951 Gemelo Calder\u00f3n Mec\u00e1nico fuera de borda 8332668963 Poncho Mec\u00e1nico fuera de borda Mercury 8331280041 Jos\u00e9 Luis Tapicero 8331485484 Gumaro Fibrero 8331049543 Pronaresa Redes e implementos [&hellip;]<\/p>\n","protected":false},"author":1,"featured_media":0,"parent":0,"menu_order":0,"comment_status":"closed","ping_status":"closed","template":"","meta":{"ngg_post_thumbnail":0,"footnotes":""},"_links":{"self":[{"href":"https:\/\/clubdeyatestampico.com\/index.php\/wp-json\/wp\/v2\/pages\/496"}],"collection":[{"href":"https:\/\/clubdeyatestampico.com\/index.php\/wp-json\/wp\/v2\/pages"}],"about":[{"href":"https:\/\/clubdeyatestampico.com\/index.php\/wp-json\/wp\/v2\/types\/page"}],"author":[{"embeddable":true,"href":"https:\/\/clubdeyatestampico.com\/index.php\/wp-json\/wp\/v2\/users\/1"}],"replies":[{"embeddable":true,"href":"https:\/\/clubdeyatestampico.com\/index.php\/wp-json\/wp\/v2\/comments?post=496"}],"version-history":[{"count":4,"href":"https:\/\/clubdeyatestampico.com\/index.php\/wp-json\/wp\/v2\/pages\/496\/revisions"}],"predecessor-version":[{"id":738,"href":"https:\/\/clubdeyatestampico.com\/index.php\/wp-json\/wp\/v2\/pages\/496\/revisions\/738"}],"wp:attachment":[{"href":"https:\/\/clubdeyatestampico.com\/index.php\/wp-json\/wp\/v2\/media?parent=496"}],"curies":[{"name":"wp","href":"https:\/\/api.w.org\/{rel}","templated":true}]}}